{"id":2,"date":"2023-08-29T19:54:15","date_gmt":"2023-08-29T17:54:15","guid":{"rendered":"http:\/\/htdhzdg.cluster028.hosting.ovh.net\/?page_id=2"},"modified":"2024-05-12T21:58:15","modified_gmt":"2024-05-12T19:58:15","slug":"accueil","status":"publish","type":"page","link":"https:\/\/terrahoche.lyceehoche.fr\/","title":{"rendered":"Accueil"},"content":{"rendered":"\n<h2 class=\"wp-block-heading\">La friperie de Terra Hoche <\/h2>\n\n\n\n<p class=\"has-medium-font-size\">Elle est situ\u00e9e au c\u0153ur du lyc\u00e9e, juste \u00e0 c\u00f4t\u00e9 de la vie scolaire du b\u00e2timent C. <\/p>\n\n\n\n<figure class=\"wp-block-gallery has-nested-images columns-default is-cropped wp-block-gallery-1 is-layout-flex wp-block-gallery-is-layout-flex\">\n<figure class=\"wp-block-image size-large\"><img loading=\"lazy\" decoding=\"async\" width=\"1024\" height=\"768\" data-id=\"298\" src=\"https:\/\/terrahoche.lyceehoche.fr\/wp-content\/uploads\/2023\/12\/PHOTO-2023-12-12-17-44-14-1024x768.jpg\" alt=\"\" class=\"wp-image-298\" srcset=\"https:\/\/terrahoche.lyceehoche.fr\/wp-content\/uploads\/2023\/12\/PHOTO-2023-12-12-17-44-14-1024x768.jpg 1024w, https:\/\/terrahoche.lyceehoche.fr\/wp-content\/uploads\/2023\/12\/PHOTO-2023-12-12-17-44-14-300x225.jpg 300w, https:\/\/terrahoche.lyceehoche.fr\/wp-content\/uploads\/2023\/12\/PHOTO-2023-12-12-17-44-14-768x576.jpg 768w, https:\/\/terrahoche.lyceehoche.fr\/wp-content\/uploads\/2023\/12\/PHOTO-2023-12-12-17-44-14-1536x1152.jpg 1536w, https:\/\/terrahoche.lyceehoche.fr\/wp-content\/uploads\/2023\/12\/PHOTO-2023-12-12-17-44-14-600x450.jpg 600w, https:\/\/terrahoche.lyceehoche.fr\/wp-content\/uploads\/2023\/12\/PHOTO-2023-12-12-17-44-14.jpg 1600w\" sizes=\"auto, (max-width: 1024px) 100vw, 1024px\" \/><\/figure>\n\n\n\n<figure class=\"wp-block-image size-large\"><img loading=\"lazy\" decoding=\"async\" width=\"1024\" height=\"576\" data-id=\"304\" src=\"https:\/\/terrahoche.lyceehoche.fr\/wp-content\/uploads\/2023\/12\/PHOTO-2023-12-12-17-54-51-1024x576.jpg\" alt=\"\" class=\"wp-image-304\" srcset=\"https:\/\/terrahoche.lyceehoche.fr\/wp-content\/uploads\/2023\/12\/PHOTO-2023-12-12-17-54-51-1024x576.jpg 1024w, https:\/\/terrahoche.lyceehoche.fr\/wp-content\/uploads\/2023\/12\/PHOTO-2023-12-12-17-54-51-300x169.jpg 300w, https:\/\/terrahoche.lyceehoche.fr\/wp-content\/uploads\/2023\/12\/PHOTO-2023-12-12-17-54-51-768x432.jpg 768w, https:\/\/terrahoche.lyceehoche.fr\/wp-content\/uploads\/2023\/12\/PHOTO-2023-12-12-17-54-51-1536x864.jpg 1536w, https:\/\/terrahoche.lyceehoche.fr\/wp-content\/uploads\/2023\/12\/PHOTO-2023-12-12-17-54-51-600x338.jpg 600w, https:\/\/terrahoche.lyceehoche.fr\/wp-content\/uploads\/2023\/12\/PHOTO-2023-12-12-17-54-51.jpg 1600w\" sizes=\"auto, (max-width: 1024px) 100vw, 1024px\" \/><\/figure>\n<\/figure>\n\n\n\n<h2 class=\"wp-block-heading has-medium-font-size\">Les horaires d&rsquo;ouverture<\/h2>\n\n\n\n<p class=\"has-medium-font-size\">Tous les lundis : \u00e0 la r\u00e9cr\u00e9 de 10h (9h55 \u00e0 10h10) et \u00e0 17h10<\/p>\n\n\n\n<p class=\"has-medium-font-size\">Tous les jeudis : \u00e0 la r\u00e9cr\u00e9 de 10h <\/p>\n\n\n\n<p class=\"has-medium-font-size\">Tous les vendredis : \u00e0 la r\u00e9cr\u00e9 de 15h et \u00e0 17h10<\/p>\n\n\n\n<p><\/p>\n\n\n\n<h3 class=\"wp-block-heading\">Comment fonctionne notre friperie ?<\/h3>\n\n\n\n<p class=\"has-medium-font-size\">Pour r\u00e9cup\u00e9rer un v\u00eatement, il faut une certaine somme de jetons. Or le seul moyen de gagner des jetons est d&rsquo;apporter ou des v\u00eatements ou des livres dont les prix en jetons sont les suivants. <\/p>\n\n\n\n<div style=\"height:25px\" aria-hidden=\"true\" class=\"wp-block-spacer\"><\/div>\n\n\n\n<figure class=\"wp-block-table\"><table class=\"has-fixed-layout\"><thead><tr><th class=\"has-text-align-center\" data-align=\"center\">Article<\/th><th class=\"has-text-align-center\" data-align=\"center\">Prix (en jetons) *<\/th><\/tr><\/thead><tbody><tr><td class=\"has-text-align-center\" data-align=\"center\">Manteau<\/td><td class=\"has-text-align-center\" data-align=\"center\">5<\/td><\/tr><tr><td class=\"has-text-align-center\" data-align=\"center\">Veste<\/td><td class=\"has-text-align-center\" data-align=\"center\">3<\/td><\/tr><tr><td class=\"has-text-align-center\" data-align=\"center\">Pull<\/td><td class=\"has-text-align-center\" data-align=\"center\">3<\/td><\/tr><tr><td class=\"has-text-align-center\" data-align=\"center\">T-shirt<\/td><td class=\"has-text-align-center\" data-align=\"center\">2<\/td><\/tr><tr><td class=\"has-text-align-center\" data-align=\"center\">Pantalon<\/td><td class=\"has-text-align-center\" data-align=\"center\">4<\/td><\/tr><tr><td class=\"has-text-align-center\" data-align=\"center\">Short<\/td><td class=\"has-text-align-center\" data-align=\"center\">3<\/td><\/tr><tr><td class=\"has-text-align-center\" data-align=\"center\">Robe<\/td><td class=\"has-text-align-center\" data-align=\"center\">5<\/td><\/tr><tr><td class=\"has-text-align-center\" data-align=\"center\">Jupe<\/td><td class=\"has-text-align-center\" data-align=\"center\">3<\/td><\/tr><tr><td class=\"has-text-align-center\" data-align=\"center\">Chaussures<\/td><td class=\"has-text-align-center\" data-align=\"center\">4<\/td><\/tr><tr><td class=\"has-text-align-center\" data-align=\"center\">Accessoires<\/td><td class=\"has-text-align-center\" data-align=\"center\">1<\/td><\/tr><\/tbody><\/table><figcaption class=\"wp-element-caption\"><br>* Notez que ces prix ne s&rsquo;appliquent qu&rsquo;\u00e0 des v\u00eatements ou livres en bon \u00e9tat.<\/figcaption><\/figure>\n\n\n\n<h2 class=\"wp-block-heading\">Les photos des articles arriveront prochainement sur la friperie digitale<\/h2>\n\n\n\n<div style=\"height:15px\" aria-hidden=\"true\" class=\"wp-block-spacer\"><\/div>\n\n\n\n<div class=\"wp-block-buttons is-content-justification-center is-layout-flex wp-container-core-buttons-is-layout-16018d1d wp-block-buttons-is-layout-flex\">\n<div class=\"wp-block-button is-style-fill\"><a class=\"wp-block-button__link wp-element-button\" href=\"https:\/\/terrahoche.lyceehoche.fr\/index.php\/boutique\/\">Echantillon de la Frip&rsquo;Hoche digitale <\/a><\/div>\n<\/div>\n\n\n\n<div style=\"height:30px\" aria-hidden=\"true\" class=\"wp-block-spacer\"><\/div>\n","protected":false},"excerpt":{"rendered":"<p>La friperie de Terra Hoche Elle est situ\u00e9e au c\u0153ur du lyc\u00e9e, juste \u00e0 c\u00f4t\u00e9 de la vie scolaire du b\u00e2timent C. Les horaires d&rsquo;ouverture Tous les lundis : \u00e0 la r\u00e9cr\u00e9 de 10h (9h55 \u00e0 10h10) et \u00e0 17h10 Tous les jeudis : \u00e0 la r\u00e9cr\u00e9 de 10h Tous les vendredis : \u00e0 la [&hellip;]<\/p>\n","protected":false},"author":1,"featured_media":0,"parent":0,"menu_order":0,"comment_status":"closed","ping_status":"closed","template":"templates\/template-page-full-width.php","meta":{"footnotes":""},"class_list":["post-2","page","type-page","status-publish","hentry"],"jetpack_sharing_enabled":true,"jetpack-related-posts":[],"_links":{"self":[{"href":"https:\/\/terrahoche.lyceehoche.fr\/index.php\/wp-json\/wp\/v2\/pages\/2","targetHints":{"allow":["GET"]}}],"collection":[{"href":"https:\/\/terrahoche.lyceehoche.fr\/index.php\/wp-json\/wp\/v2\/pages"}],"about":[{"href":"https:\/\/terrahoche.lyceehoche.fr\/index.php\/wp-json\/wp\/v2\/types\/page"}],"author":[{"embeddable":true,"href":"https:\/\/terrahoche.lyceehoche.fr\/index.php\/wp-json\/wp\/v2\/users\/1"}],"replies":[{"embeddable":true,"href":"https:\/\/terrahoche.lyceehoche.fr\/index.php\/wp-json\/wp\/v2\/comments?post=2"}],"version-history":[{"count":21,"href":"https:\/\/terrahoche.lyceehoche.fr\/index.php\/wp-json\/wp\/v2\/pages\/2\/revisions"}],"predecessor-version":[{"id":499,"href":"https:\/\/terrahoche.lyceehoche.fr\/index.php\/wp-json\/wp\/v2\/pages\/2\/revisions\/499"}],"wp:attachment":[{"href":"https:\/\/terrahoche.lyceehoche.fr\/index.php\/wp-json\/wp\/v2\/media?parent=2"}],"curies":[{"name":"wp","href":"https:\/\/api.w.org\/{rel}","templated":true}]}}